{"id":64,"date":"2020-11-19T11:55:36","date_gmt":"2020-11-19T11:55:36","guid":{"rendered":"http:\/\/recursoshumanos.conforama.es\/?page_id=64"},"modified":"2023-04-03T12:37:46","modified_gmt":"2023-04-03T10:37:46","slug":"junte-se-a-nos","status":"publish","type":"page","link":"http:\/\/recursoshumanos.conforama.es\/pt-pt\/junte-se-a-nos\/","title":{"rendered":"Junte-se a n\u00f3s"},"content":{"rendered":"<div class=\"fusion-fullwidth fullwidth-box fusion-builder-row-1 fusion-flex-container nonhundred-percent-fullwidth non-hundred-percent-height-scrolling\" style=\"--awb-border-radius-top-left:0px;--awb-border-radius-top-right:0px;--awb-border-radius-bottom-right:0px;--awb-border-radius-bottom-left:0px;--awb-flex-wrap:wrap;\" ><div class=\"fusion-builder-row fusion-row fusion-flex-align-items-flex-start fusion-flex-content-wrap\" style=\"max-width:1216.8px;margin-left: calc(-4% \/ 2 );margin-right: calc(-4% \/ 2 );\"><div class=\"fusion-layout-column fusion_builder_column fusion-builder-column-0 fusion_builder_column_1_1 1_1 fusion-flex-column\" style=\"--awb-bg-size:cover;--awb-width-large:100%;--awb-margin-top-large:0px;--awb-spacing-right-large:1.92%;--awb-margin-bottom-large:20px;--awb-spacing-left-large:1.92%;--awb-width-medium:100%;--awb-order-medium:0;--awb-spacing-right-medium:1.92%;--awb-spacing-left-medium:1.92%;--awb-width-small:100%;--awb-order-small:0;--awb-spacing-right-small:1.92%;--awb-spacing-left-small:1.92%;\"><div class=\"fusion-column-wrapper fusion-column-has-shadow fusion-flex-justify-content-flex-start fusion-content-layout-column\"><div class=\"container\">\n  <div class=\"row\">\n    <div class=\"col-xs-12 col-sm-5\">\n      <div class=\"col-xs-12 join-us-title\">\n        <h3 class=\"text-center text-uppercase border-red\">\n          Candidatura espont\u00e1nea\n        <\/h3>\n      <\/div>\n      <div class=\"col-xs-12 join-us-content\">\n        <p class=\"text-center\">\n          Pode candidatar-se a uma oferta em concreto, ou se pretender pode deixar o seu Curriculum na nossa base dados, \n          dado que, sempre que temos vagas em aberto, tanto para a Sede como para as Lojas, a consultamos.\n        <\/p>\n      <\/div>\n      <a href =\"https:\/\/jobs.conforama.pt\/jobs\/unete-a-nosoptros\" target=\"_blank\" title=\"Candidatura espont\u00e1nea\">\n        <button class=\"job-button white\">\n          <i class=\"fa fa-play button-icon-right\"><\/i>\n          <span>Entregar curriculum<\/span>\n        <\/button>\n      <\/a>\n    <\/div>\n    <div class=\"col-xs-12 col-sm-offset-2 col-sm-5\">\n      <div class=\"col-sm-10 col-sm-offset-1 join-us-title\">\n        <h3 class=\"text-center text-uppercase join-us-title border-red\">\n          Ofertas dispon\u00edveis\n        <\/h3>\n      <\/div>\n      <div class=\"col-xs-12 join-us-content\">\n        <p class=\"text-center\">\n          Nesta se\u00e7\u00e3o encontrar\u00e1 a lista de pocessos de sele\u00e7\u00e3o abertos atualmente.\n        <\/p>\n        <p class=\"text-center\">\n          Caso seja interessado numa oferta em concreto, deve responder aqui. \n        <\/p>\n        <p class=\"text-center\">\n          Entre e pesquise!\n        <\/p>\n      <\/div>\n      <a href =\"https:\/\/jobs.conforama.pt\/jobs\" target=\"_blank\" title=\"Ofertas de trabalho\">\n        <button class=\"job-button white\">\n          <i class=\"fa fa-play button-icon-right\"><\/i>\n          <span>Ofertas de trabalho<\/span>\n        <\/button>\n      <\/a>\n    <\/div>\n  <\/div>\n<\/div><\/div><\/div><\/div><\/div>\n","protected":false},"excerpt":{"rendered":"","protected":false},"author":1,"featured_media":0,"parent":0,"menu_order":0,"comment_status":"closed","ping_status":"closed","template":"","meta":{"footnotes":""},"class_list":["post-64","page","type-page","status-publish","hentry"],"yoast_head":"<!-- This site is optimized with the Yoast SEO plugin v26.2 - https:\/\/yoast.com\/wordpress\/plugins\/seo\/ -->\n<title>Junte-se a n\u00f3s - Portal Recursos Humanos<\/title>\n<meta name=\"description\" content=\"Candidatura espont\u00e1nea Pode candidatar-se a uma oferta em concreto, ou se pretender pode deixar o seu Curriculum na nossa base dados, dado que, sempre que t\" \/>\n<meta name=\"robots\" content=\"index, follow, max-snippet:-1, max-image-preview:large, max-video-preview:-1\" \/>\n<link rel=\"canonical\" href=\"http:\/\/recursoshumanos.conforama.es\/pt-pt\/junte-se-a-nos\/\" \/>\n<meta property=\"og:locale\" content=\"pt_PT\" \/>\n<meta property=\"og:type\" content=\"article\" \/>\n<meta property=\"og:title\" content=\"Junte-se a n\u00f3s - Portal Recursos Humanos\" \/>\n<meta property=\"og:description\" content=\"Candidatura espont\u00e1nea Pode candidatar-se a uma oferta em concreto, ou se pretender pode deixar o seu Curriculum na nossa base dados, dado que, sempre que t\" \/>\n<meta property=\"og:url\" content=\"http:\/\/recursoshumanos.conforama.es\/pt-pt\/junte-se-a-nos\/\" \/>\n<meta property=\"og:site_name\" content=\"Portal Recursos Humanos\" \/>\n<meta property=\"article:modified_time\" content=\"2023-04-03T10:37:46+00:00\" \/>\n<meta name=\"twitter:card\" content=\"summary_large_image\" \/>\n<meta name=\"twitter:label1\" content=\"Tempo estimado de leitura\" \/>\n\t<meta name=\"twitter:data1\" content=\"1 minuto\" \/>\n<script type=\"application\/ld+json\" class=\"yoast-schema-graph\">{\"@context\":\"https:\/\/schema.org\",\"@graph\":[{\"@type\":\"WebPage\",\"@id\":\"http:\/\/recursoshumanos.conforama.es\/pt-pt\/junte-se-a-nos\/\",\"url\":\"http:\/\/recursoshumanos.conforama.es\/pt-pt\/junte-se-a-nos\/\",\"name\":\"Junte-se a n\u00f3s - Portal Recursos Humanos\",\"isPartOf\":{\"@id\":\"https:\/\/recursoshumanos.conforama.es\/#website\"},\"datePublished\":\"2020-11-19T11:55:36+00:00\",\"dateModified\":\"2023-04-03T10:37:46+00:00\",\"description\":\"Candidatura espont\u00e1nea Pode candidatar-se a uma oferta em concreto, ou se pretender pode deixar o seu Curriculum na nossa base dados, dado que, sempre que t\",\"breadcrumb\":{\"@id\":\"http:\/\/recursoshumanos.conforama.es\/pt-pt\/junte-se-a-nos\/#breadcrumb\"},\"inLanguage\":\"pt-PT\",\"potentialAction\":[{\"@type\":\"ReadAction\",\"target\":[\"http:\/\/recursoshumanos.conforama.es\/pt-pt\/junte-se-a-nos\/\"]}]},{\"@type\":\"BreadcrumbList\",\"@id\":\"http:\/\/recursoshumanos.conforama.es\/pt-pt\/junte-se-a-nos\/#breadcrumb\",\"itemListElement\":[{\"@type\":\"ListItem\",\"position\":1,\"name\":\"Home\",\"item\":\"http:\/\/recursoshumanos.conforama.es\/pt-pt\/\"},{\"@type\":\"ListItem\",\"position\":2,\"name\":\"Junte-se a n\u00f3s\"}]},{\"@type\":\"WebSite\",\"@id\":\"https:\/\/recursoshumanos.conforama.es\/#website\",\"url\":\"https:\/\/recursoshumanos.conforama.es\/\",\"name\":\"Portal Recursos Humanos\",\"description\":\"\",\"potentialAction\":[{\"@type\":\"SearchAction\",\"target\":{\"@type\":\"EntryPoint\",\"urlTemplate\":\"https:\/\/recursoshumanos.conforama.es\/?s={search_term_string}\"},\"query-input\":{\"@type\":\"PropertyValueSpecification\",\"valueRequired\":true,\"valueName\":\"search_term_string\"}}],\"inLanguage\":\"pt-PT\"}]}<\/script>\n<!-- \/ Yoast SEO plugin. -->","yoast_head_json":{"title":"Junte-se a n\u00f3s - Portal Recursos Humanos","description":"Candidatura espont\u00e1nea Pode candidatar-se a uma oferta em concreto, ou se pretender pode deixar o seu Curriculum na nossa base dados, dado que, sempre que t","robots":{"index":"index","follow":"follow","max-snippet":"max-snippet:-1","max-image-preview":"max-image-preview:large","max-video-preview":"max-video-preview:-1"},"canonical":"http:\/\/recursoshumanos.conforama.es\/pt-pt\/junte-se-a-nos\/","og_locale":"pt_PT","og_type":"article","og_title":"Junte-se a n\u00f3s - Portal Recursos Humanos","og_description":"Candidatura espont\u00e1nea Pode candidatar-se a uma oferta em concreto, ou se pretender pode deixar o seu Curriculum na nossa base dados, dado que, sempre que t","og_url":"http:\/\/recursoshumanos.conforama.es\/pt-pt\/junte-se-a-nos\/","og_site_name":"Portal Recursos Humanos","article_modified_time":"2023-04-03T10:37:46+00:00","twitter_card":"summary_large_image","twitter_misc":{"Tempo estimado de leitura":"1 minuto"},"schema":{"@context":"https:\/\/schema.org","@graph":[{"@type":"WebPage","@id":"http:\/\/recursoshumanos.conforama.es\/pt-pt\/junte-se-a-nos\/","url":"http:\/\/recursoshumanos.conforama.es\/pt-pt\/junte-se-a-nos\/","name":"Junte-se a n\u00f3s - Portal Recursos Humanos","isPartOf":{"@id":"https:\/\/recursoshumanos.conforama.es\/#website"},"datePublished":"2020-11-19T11:55:36+00:00","dateModified":"2023-04-03T10:37:46+00:00","description":"Candidatura espont\u00e1nea Pode candidatar-se a uma oferta em concreto, ou se pretender pode deixar o seu Curriculum na nossa base dados, dado que, sempre que t","breadcrumb":{"@id":"http:\/\/recursoshumanos.conforama.es\/pt-pt\/junte-se-a-nos\/#breadcrumb"},"inLanguage":"pt-PT","potentialAction":[{"@type":"ReadAction","target":["http:\/\/recursoshumanos.conforama.es\/pt-pt\/junte-se-a-nos\/"]}]},{"@type":"BreadcrumbList","@id":"http:\/\/recursoshumanos.conforama.es\/pt-pt\/junte-se-a-nos\/#breadcrumb","itemListElement":[{"@type":"ListItem","position":1,"name":"Home","item":"http:\/\/recursoshumanos.conforama.es\/pt-pt\/"},{"@type":"ListItem","position":2,"name":"Junte-se a n\u00f3s"}]},{"@type":"WebSite","@id":"https:\/\/recursoshumanos.conforama.es\/#website","url":"https:\/\/recursoshumanos.conforama.es\/","name":"Portal Recursos Humanos","description":"","potentialAction":[{"@type":"SearchAction","target":{"@type":"EntryPoint","urlTemplate":"https:\/\/recursoshumanos.conforama.es\/?s={search_term_string}"},"query-input":{"@type":"PropertyValueSpecification","valueRequired":true,"valueName":"search_term_string"}}],"inLanguage":"pt-PT"}]}},"_links":{"self":[{"href":"http:\/\/recursoshumanos.conforama.es\/pt-pt\/wp-json\/wp\/v2\/pages\/64","targetHints":{"allow":["GET"]}}],"collection":[{"href":"http:\/\/recursoshumanos.conforama.es\/pt-pt\/wp-json\/wp\/v2\/pages"}],"about":[{"href":"http:\/\/recursoshumanos.conforama.es\/pt-pt\/wp-json\/wp\/v2\/types\/page"}],"author":[{"embeddable":true,"href":"http:\/\/recursoshumanos.conforama.es\/pt-pt\/wp-json\/wp\/v2\/users\/1"}],"replies":[{"embeddable":true,"href":"http:\/\/recursoshumanos.conforama.es\/pt-pt\/wp-json\/wp\/v2\/comments?post=64"}],"version-history":[{"count":8,"href":"http:\/\/recursoshumanos.conforama.es\/pt-pt\/wp-json\/wp\/v2\/pages\/64\/revisions"}],"predecessor-version":[{"id":364,"href":"http:\/\/recursoshumanos.conforama.es\/pt-pt\/wp-json\/wp\/v2\/pages\/64\/revisions\/364"}],"wp:attachment":[{"href":"http:\/\/recursoshumanos.conforama.es\/pt-pt\/wp-json\/wp\/v2\/media?parent=64"}],"curies":[{"name":"wp","href":"https:\/\/api.w.org\/{rel}","templated":true}]}}