{"id":60,"date":"2020-11-19T11:54:06","date_gmt":"2020-11-19T11:54:06","guid":{"rendered":"http:\/\/recursoshumanos.conforama.es\/?page_id=60"},"modified":"2020-11-23T12:21:04","modified_gmt":"2020-11-23T12:21:04","slug":"responsabilidade-social-corporativa","status":"publish","type":"page","link":"http:\/\/recursoshumanos.conforama.es\/pt-pt\/responsabilidade-social-corporativa\/","title":{"rendered":"Responsabilidade Social Corporativa"},"content":{"rendered":"<p><div class=\"fusion-fullwidth fullwidth-box fusion-builder-row-1 fusion-flex-container nonhundred-percent-fullwidth non-hundred-percent-height-scrolling\" style=\"--awb-border-radius-top-left:0px;--awb-border-radius-top-right:0px;--awb-border-radius-bottom-right:0px;--awb-border-radius-bottom-left:0px;--awb-flex-wrap:wrap;\" ><div class=\"fusion-builder-row fusion-row fusion-flex-align-items-flex-start fusion-flex-content-wrap\" style=\"max-width:1216.8px;margin-left: calc(-4% \/ 2 );margin-right: calc(-4% \/ 2 );\"><div class=\"fusion-layout-column fusion_builder_column fusion-builder-column-0 fusion_builder_column_1_1 1_1 fusion-flex-column\" style=\"--awb-bg-size:cover;--awb-width-large:100%;--awb-margin-top-large:0px;--awb-spacing-right-large:1.92%;--awb-margin-bottom-large:20px;--awb-spacing-left-large:1.92%;--awb-width-medium:100%;--awb-order-medium:0;--awb-spacing-right-medium:1.92%;--awb-spacing-left-medium:1.92%;--awb-width-small:100%;--awb-order-small:0;--awb-spacing-right-small:1.92%;--awb-spacing-left-small:1.92%;\"><div class=\"fusion-column-wrapper fusion-column-has-shadow fusion-flex-justify-content-flex-start fusion-content-layout-column\"><div class=\"container\">\n  <div class=\"row margin-20\">\n    <div class=\"col-xs-12\">\n      <div class=\"border-grey\">\n        <h1>\n          <span class=\"border-red\">Responsabilidade Social Corporativa<\/span>\n        <\/h1>\n      <\/div>\n    <\/div>\n  <\/div>\n<\/div><\/div><\/div><\/div><\/div><div class=\"fusion-fullwidth fullwidth-box fusion-builder-row-2 fusion-flex-container nonhundred-percent-fullwidth non-hundred-percent-height-scrolling\" style=\"--awb-border-radius-top-left:0px;--awb-border-radius-top-right:0px;--awb-border-radius-bottom-right:0px;--awb-border-radius-bottom-left:0px;--awb-flex-wrap:wrap;\" ><div class=\"fusion-builder-row fusion-row fusion-flex-align-items-flex-start fusion-flex-content-wrap\" style=\"max-width:1216.8px;margin-left: calc(-4% \/ 2 );margin-right: calc(-4% \/ 2 );\"><div class=\"fusion-layout-column fusion_builder_column fusion-builder-column-1 fusion_builder_column_1_1 1_1 fusion-flex-column\" style=\"--awb-bg-size:cover;--awb-width-large:100%;--awb-margin-top-large:0px;--awb-spacing-right-large:1.92%;--awb-margin-bottom-large:20px;--awb-spacing-left-large:1.92%;--awb-width-medium:100%;--awb-order-medium:0;--awb-spacing-right-medium:1.92%;--awb-spacing-left-medium:1.92%;--awb-width-small:100%;--awb-order-small:0;--awb-spacing-right-small:1.92%;--awb-spacing-left-small:1.92%;\"><div class=\"fusion-column-wrapper fusion-column-has-shadow fusion-flex-justify-content-flex-start fusion-content-layout-column\"><div class=\"container\">\n  <div class=\"row margin-20\">\n    <div class=\"col-xs-12\">\n      <div class=\"border-grey\">\n        <h3>\n          <span class=\"border-black\">CELEBRA\u00c7\u00c3O DO DIA INTERNACIONAL DA MULHER 2019<\/span>\n        <\/h3>\n      <\/div>\n    <\/div>\n  <\/div>\n  <div class=\"row margin-20\">\n    <div class=\"col-xs-12 text-center\">\n      <p>Celebra\u00e7\u00e3o do Dia Internacional da Mulher 2019 pela m\u00e3o de M\u00aa \u00c1ngeles Tejada, que acompanhamos em sua \"Caminhada pela Vida\". Mulher, m\u00e3e, solid\u00e1ria, animalista, empres\u00e1ria, explicou as chaves que a ajudaram, como mulher, a entrar num mundo, que especialmente h\u00e1 uns anos atr\u00e1s, era liderado por homens.<\/p>\n    <\/div>\n    <div class=\"col-xs-12 margin-20\">\n     <img decoding=\"async\" src=\"\/wp-content\/uploads\/2019\/10\/1_dia-mujer2019-min.jpg\" alt=\"Celebraci\u00f3n d\u00eda de la mujer 2019\" width=\"1120\" height=\"720\" class=\"img-responsive aligncenter size-full wp-image-1064\" \/>\n   <\/div>\n  <\/div>\n<\/div><\/div><\/div><\/div><\/div><div class=\"fusion-fullwidth fullwidth-box fusion-builder-row-3 fusion-flex-container nonhundred-percent-fullwidth non-hundred-percent-height-scrolling\" style=\"--awb-border-radius-top-left:0px;--awb-border-radius-top-right:0px;--awb-border-radius-bottom-right:0px;--awb-border-radius-bottom-left:0px;--awb-flex-wrap:wrap;\" ><div class=\"fusion-builder-row fusion-row fusion-flex-align-items-flex-start fusion-flex-content-wrap\" style=\"max-width:1216.8px;margin-left: calc(-4% \/ 2 );margin-right: calc(-4% \/ 2 );\"><div class=\"fusion-layout-column fusion_builder_column fusion-builder-column-2 fusion_builder_column_1_1 1_1 fusion-flex-column\" style=\"--awb-bg-size:cover;--awb-width-large:100%;--awb-margin-top-large:0px;--awb-spacing-right-large:1.92%;--awb-margin-bottom-large:20px;--awb-spacing-left-large:1.92%;--awb-width-medium:100%;--awb-order-medium:0;--awb-spacing-right-medium:1.92%;--awb-spacing-left-medium:1.92%;--awb-width-small:100%;--awb-order-small:0;--awb-spacing-right-small:1.92%;--awb-spacing-left-small:1.92%;\"><div class=\"fusion-column-wrapper fusion-column-has-shadow fusion-flex-justify-content-flex-start fusion-content-layout-column\"><div class=\"container\">\n  <div class=\"row\">\n    <div class=\"col-xs-12\">\n      <div class=\"border-grey\">\n        <h3>\n          <span class=\"border-black\">COMEMORA\u00c7\u00c3O DIA DA MULHER<\/span>\n        <\/h3>\n      <\/div>\n    <\/div>\n  <\/div>\n  <div class=\"row margin-20\">\n    <div class=\"col-xs-12 text-center\">\n      <p><strong>Homenagem \u00e0 mulher, no dia 08\/03\/2018, com a leitura de relatos de mulheres que fizeram hist\u00f3ria.<\/strong><\/p>\n    <\/div>\n    <div class=\"col-xs-12 margin-20\">\n      <img decoding=\"async\" src=\"\/wp-content\/uploads\/2018\/03\/dia-mulher-conforama.jpg\" alt=\"Comemora\u00e7\u00e3o Dia da Mulher\" width=\"720\" height=\"720\" class=\"img-responsive aligncenter size-full wp-image-1065\" \/>\n    <\/div>\n    <div class=\"col-xs-12 video-embed\">\n      <iframe width=\"640\" height=\"360\" src=\"https:\/\/www.youtube.com\/embed\/G_2PxQNMIaw?rel=0\" frameborder=\"0\" allowfullscreen><\/iframe>\n    <\/div>\n  <\/div>\n<\/div><\/div><\/div><\/div><\/div><div class=\"fusion-fullwidth fullwidth-box fusion-builder-row-4 fusion-flex-container nonhundred-percent-fullwidth non-hundred-percent-height-scrolling\" style=\"--awb-border-radius-top-left:0px;--awb-border-radius-top-right:0px;--awb-border-radius-bottom-right:0px;--awb-border-radius-bottom-left:0px;--awb-flex-wrap:wrap;\" ><div class=\"fusion-builder-row fusion-row fusion-flex-align-items-flex-start fusion-flex-content-wrap\" style=\"max-width:1216.8px;margin-left: calc(-4% \/ 2 );margin-right: calc(-4% \/ 2 );\"><div class=\"fusion-layout-column fusion_builder_column fusion-builder-column-3 fusion_builder_column_1_1 1_1 fusion-flex-column\" style=\"--awb-bg-size:cover;--awb-width-large:100%;--awb-margin-top-large:0px;--awb-spacing-right-large:1.92%;--awb-margin-bottom-large:20px;--awb-spacing-left-large:1.92%;--awb-width-medium:100%;--awb-order-medium:0;--awb-spacing-right-medium:1.92%;--awb-spacing-left-medium:1.92%;--awb-width-small:100%;--awb-order-small:0;--awb-spacing-right-small:1.92%;--awb-spacing-left-small:1.92%;\"><div class=\"fusion-column-wrapper fusion-column-has-shadow fusion-flex-justify-content-flex-start fusion-content-layout-column\"><div class=\"container\">\n  <div class=\"row\">\n    <div class=\"col-xs-12\">\n      <div class=\"border-grey\">\n        <h3>\n          <span class=\"border-black\">COLABORA\u00c7\u00c3O COM A LIGA PORTUGUESA CONTRA OU O CANCRO<\/span>\n        <\/h3>\n      <\/div>\n    <\/div>\n  <\/div>\n  <div class=\"row margin-20\">\n    <div class=\"col-xs-12 text-center\">\n      <p>Como empresa socialmente respons\u00e1vel, a Conforama e a sua equipa colaboram com v\u00e1rios parcerios sociais e entidades:<\/p>\n      <p><strong class=\"margin-20\">Donativos<\/strong><\/p>\n    <\/div>\n    <div class=\"col-xs-12 col-sm-4\">\n      <img decoding=\"async\" src=\"\/wp-content\/uploads\/2017\/01\/foto-cancro.jpg\" alt=\"Liga Portuguesa contra cancro\" width=\"523\" height=\"294\" class=\"img-responsive aligncenter size-full wp-image-647\" \/>\n    <\/div>\n    <div class=\"col-xs-12 col-sm-4\">\n      <img decoding=\"async\" src=\"\/wp-content\/uploads\/2017\/01\/foto-ipo.jpg\" alt=\"Instituto Portugues de Oncologia\" width=\"523\" height=\"294\" class=\"img-responsive aligncenter size-full wp-image-648\" \/>\n    <\/div>\n    <div class=\"col-xs-12 col-sm-4\">\n      <img decoding=\"async\" src=\"\/wp-content\/uploads\/2017\/01\/foto-intra.jpg\" alt=\"Cruz vermelha portuguesa\" width=\"523\" height=\"294\" class=\"img-responsive aligncenter size-full wp-image-648\" \/>\n    <\/div>\n  <\/div>\n  <div class=\"row margin-20\">\n    <div class=\"col-xs-12 col-sm-4\">\n      <img decoding=\"async\" src=\"\/wp-content\/uploads\/2017\/01\/logo-cancro.jpg\" alt=\"Liga Portuguesa contra cancro\" width=\"523\" height=\"294\" class=\"img-responsive aligncenter size-full wp-image-647\" \/>\n    <\/div>\n    <div class=\"col-xs-12 col-sm-4\">\n      <img decoding=\"async\" src=\"\/wp-content\/uploads\/2017\/01\/logo-ipo.jpg\" alt=\"Instituto Portugues de Oncologia\" width=\"523\" height=\"294\" class=\"img-responsive aligncenter size-full wp-image-648\" \/>\n    <\/div>\n    <div class=\"col-xs-12 col-sm-4\">\n      <img decoding=\"async\" src=\"\/wp-content\/uploads\/2017\/01\/logo-cruz.jpg\" alt=\"Cruz vermelha portuguesa\" width=\"523\" height=\"294\" class=\"img-responsive aligncenter size-full wp-image-648\" \/>\n    <\/div>\n  <\/div>\n<\/div><\/div><\/div><\/div><\/div><\/p>\n","protected":false},"excerpt":{"rendered":"","protected":false},"author":1,"featured_media":0,"parent":0,"menu_order":0,"comment_status":"closed","ping_status":"closed","template":"100-width.php","meta":{"footnotes":""},"class_list":["post-60","page","type-page","status-publish","hentry"],"yoast_head":"<!-- This site is optimized with the Yoast SEO plugin v26.2 - https:\/\/yoast.com\/wordpress\/plugins\/seo\/ -->\n<title>Responsabilidade Social Corporativa - Portal Recursos Humanos<\/title>\n<meta name=\"robots\" content=\"index, follow, max-snippet:-1, max-image-preview:large, max-video-preview:-1\" \/>\n<link rel=\"canonical\" href=\"http:\/\/recursoshumanos.conforama.es\/pt-pt\/responsabilidade-social-corporativa\/\" \/>\n<meta property=\"og:locale\" content=\"pt_PT\" \/>\n<meta property=\"og:type\" content=\"article\" \/>\n<meta property=\"og:title\" content=\"Responsabilidade Social Corporativa - Portal Recursos Humanos\" \/>\n<meta property=\"og:url\" content=\"http:\/\/recursoshumanos.conforama.es\/pt-pt\/responsabilidade-social-corporativa\/\" \/>\n<meta property=\"og:site_name\" content=\"Portal Recursos Humanos\" \/>\n<meta property=\"article:modified_time\" content=\"2020-11-23T12:21:04+00:00\" \/>\n<meta name=\"twitter:card\" content=\"summary_large_image\" \/>\n<meta name=\"twitter:label1\" content=\"Tempo estimado de leitura\" \/>\n\t<meta name=\"twitter:data1\" content=\"14 minutos\" \/>\n<script type=\"application\/ld+json\" class=\"yoast-schema-graph\">{\"@context\":\"https:\/\/schema.org\",\"@graph\":[{\"@type\":\"WebPage\",\"@id\":\"http:\/\/recursoshumanos.conforama.es\/pt-pt\/responsabilidade-social-corporativa\/\",\"url\":\"http:\/\/recursoshumanos.conforama.es\/pt-pt\/responsabilidade-social-corporativa\/\",\"name\":\"Responsabilidade Social Corporativa - Portal Recursos Humanos\",\"isPartOf\":{\"@id\":\"https:\/\/recursoshumanos.conforama.es\/#website\"},\"datePublished\":\"2020-11-19T11:54:06+00:00\",\"dateModified\":\"2020-11-23T12:21:04+00:00\",\"breadcrumb\":{\"@id\":\"http:\/\/recursoshumanos.conforama.es\/pt-pt\/responsabilidade-social-corporativa\/#breadcrumb\"},\"inLanguage\":\"pt-PT\",\"potentialAction\":[{\"@type\":\"ReadAction\",\"target\":[\"http:\/\/recursoshumanos.conforama.es\/pt-pt\/responsabilidade-social-corporativa\/\"]}]},{\"@type\":\"BreadcrumbList\",\"@id\":\"http:\/\/recursoshumanos.conforama.es\/pt-pt\/responsabilidade-social-corporativa\/#breadcrumb\",\"itemListElement\":[{\"@type\":\"ListItem\",\"position\":1,\"name\":\"Home\",\"item\":\"http:\/\/recursoshumanos.conforama.es\/pt-pt\/\"},{\"@type\":\"ListItem\",\"position\":2,\"name\":\"Responsabilidade Social Corporativa\"}]},{\"@type\":\"WebSite\",\"@id\":\"https:\/\/recursoshumanos.conforama.es\/#website\",\"url\":\"https:\/\/recursoshumanos.conforama.es\/\",\"name\":\"Portal Recursos Humanos\",\"description\":\"\",\"potentialAction\":[{\"@type\":\"SearchAction\",\"target\":{\"@type\":\"EntryPoint\",\"urlTemplate\":\"https:\/\/recursoshumanos.conforama.es\/?s={search_term_string}\"},\"query-input\":{\"@type\":\"PropertyValueSpecification\",\"valueRequired\":true,\"valueName\":\"search_term_string\"}}],\"inLanguage\":\"pt-PT\"}]}<\/script>\n<!-- \/ Yoast SEO plugin. -->","yoast_head_json":{"title":"Responsabilidade Social Corporativa - Portal Recursos Humanos","robots":{"index":"index","follow":"follow","max-snippet":"max-snippet:-1","max-image-preview":"max-image-preview:large","max-video-preview":"max-video-preview:-1"},"canonical":"http:\/\/recursoshumanos.conforama.es\/pt-pt\/responsabilidade-social-corporativa\/","og_locale":"pt_PT","og_type":"article","og_title":"Responsabilidade Social Corporativa - Portal Recursos Humanos","og_url":"http:\/\/recursoshumanos.conforama.es\/pt-pt\/responsabilidade-social-corporativa\/","og_site_name":"Portal Recursos Humanos","article_modified_time":"2020-11-23T12:21:04+00:00","twitter_card":"summary_large_image","twitter_misc":{"Tempo estimado de leitura":"14 minutos"},"schema":{"@context":"https:\/\/schema.org","@graph":[{"@type":"WebPage","@id":"http:\/\/recursoshumanos.conforama.es\/pt-pt\/responsabilidade-social-corporativa\/","url":"http:\/\/recursoshumanos.conforama.es\/pt-pt\/responsabilidade-social-corporativa\/","name":"Responsabilidade Social Corporativa - Portal Recursos Humanos","isPartOf":{"@id":"https:\/\/recursoshumanos.conforama.es\/#website"},"datePublished":"2020-11-19T11:54:06+00:00","dateModified":"2020-11-23T12:21:04+00:00","breadcrumb":{"@id":"http:\/\/recursoshumanos.conforama.es\/pt-pt\/responsabilidade-social-corporativa\/#breadcrumb"},"inLanguage":"pt-PT","potentialAction":[{"@type":"ReadAction","target":["http:\/\/recursoshumanos.conforama.es\/pt-pt\/responsabilidade-social-corporativa\/"]}]},{"@type":"BreadcrumbList","@id":"http:\/\/recursoshumanos.conforama.es\/pt-pt\/responsabilidade-social-corporativa\/#breadcrumb","itemListElement":[{"@type":"ListItem","position":1,"name":"Home","item":"http:\/\/recursoshumanos.conforama.es\/pt-pt\/"},{"@type":"ListItem","position":2,"name":"Responsabilidade Social Corporativa"}]},{"@type":"WebSite","@id":"https:\/\/recursoshumanos.conforama.es\/#website","url":"https:\/\/recursoshumanos.conforama.es\/","name":"Portal Recursos Humanos","description":"","potentialAction":[{"@type":"SearchAction","target":{"@type":"EntryPoint","urlTemplate":"https:\/\/recursoshumanos.conforama.es\/?s={search_term_string}"},"query-input":{"@type":"PropertyValueSpecification","valueRequired":true,"valueName":"search_term_string"}}],"inLanguage":"pt-PT"}]}},"_links":{"self":[{"href":"http:\/\/recursoshumanos.conforama.es\/pt-pt\/wp-json\/wp\/v2\/pages\/60","targetHints":{"allow":["GET"]}}],"collection":[{"href":"http:\/\/recursoshumanos.conforama.es\/pt-pt\/wp-json\/wp\/v2\/pages"}],"about":[{"href":"http:\/\/recursoshumanos.conforama.es\/pt-pt\/wp-json\/wp\/v2\/types\/page"}],"author":[{"embeddable":true,"href":"http:\/\/recursoshumanos.conforama.es\/pt-pt\/wp-json\/wp\/v2\/users\/1"}],"replies":[{"embeddable":true,"href":"http:\/\/recursoshumanos.conforama.es\/pt-pt\/wp-json\/wp\/v2\/comments?post=60"}],"version-history":[{"count":3,"href":"http:\/\/recursoshumanos.conforama.es\/pt-pt\/wp-json\/wp\/v2\/pages\/60\/revisions"}],"predecessor-version":[{"id":127,"href":"http:\/\/recursoshumanos.conforama.es\/pt-pt\/wp-json\/wp\/v2\/pages\/60\/revisions\/127"}],"wp:attachment":[{"href":"http:\/\/recursoshumanos.conforama.es\/pt-pt\/wp-json\/wp\/v2\/media?parent=60"}],"curies":[{"name":"wp","href":"https:\/\/api.w.org\/{rel}","templated":true}]}}