{"id":56,"date":"2020-11-19T11:53:03","date_gmt":"2020-11-19T11:53:03","guid":{"rendered":"http:\/\/recursoshumanos.conforama.es\/?page_id=56"},"modified":"2020-11-23T12:10:53","modified_gmt":"2020-11-23T12:10:53","slug":"politica-de-cookies","status":"publish","type":"page","link":"http:\/\/recursoshumanos.conforama.es\/pt-pt\/politica-de-cookies\/","title":{"rendered":"Pol\u00edtica de cookies"},"content":{"rendered":"<div class=\"container\">\n<p>&nbsp;<\/p>\n<div class=\"section border-grey\">\n    <span class=\"border-red\">INFORMA\u00c7\u00d5ES SOBRE O USO DE COOKIES<\/span>\n  <\/div>\n<div class=\"row\">\n<div class=\"col-xs-12\">\n<section>\n<article>\n<p>&nbsp;<\/p>\n<p>O que \u00e9 um cookie?<\/p>\n<p>\n                Um cookie \u00e9 um ficheiro que se descarrega no seu computador quando acede a determinadas p\u00e1ginas web. Os cookies permitem que uma p\u00e1gina web, entre outras<br \/>\n                coisas, armazene e recupere informa\u00e7\u00f5es sobre os h\u00e1bitos de navega\u00e7\u00e3o de um utilizador ou do seu equipamento e, dependendo das informa\u00e7\u00f5es que contenham e<br \/>\n                da forma como o seu equipamento seja utilizado, podem servir para o reconhecer.\n            <\/p>\n<p>\n                N\u00e3o obstante, estes meios s\u00f3 obt\u00eam informa\u00e7\u00f5es relacionadas com o n\u00famero de p\u00e1ginas visitadas, a cidade a que est\u00e1 atribu\u00eddo o endere\u00e7o de IP a partir do<br \/>\n                qual se acede, o n\u00famero de novos utilizadores, a frequ\u00eancia e a reincid\u00eancia das visitas, o tempo de visita, o navegador ou o operador ou tipo de terminal<br \/>\n                a partir do qual se efetua a visita. N\u00e3o se obt\u00eam dados, em caso nenhum, sobre o nome, sobrenomes, endere\u00e7o postal ou outros dados an\u00e1logos do utilizador<br \/>\n                que se ligou.\n            <\/p>\n<p>Gra\u00e7as aos cookies, na Conforama pode comprar online, ver os pre\u00e7os da sua loja espec\u00edfica e desfrutar de uma experi\u00eancia de uso avan\u00e7ada.<\/p>\n<p>Tenha em conta que o uso do s\u00edtio da Internet da Conforama com cookies desativados pode fazer com que o s\u00edtio da Internet n\u00e3o funcione adequadamente,<br \/>\n                e que em determinadas zonas ocorram erros.\n            <\/p>\n<\/article>\n<article>\n<p>Que tipos de cookies \u00e9 que h\u00e1?<\/p>\n<p>\n              Os cookies podem ser pr\u00f3prios ou de terceiros. Os pr\u00f3prios s\u00e3o os que se enviam para o equipamento terminal do utilizador a partir de um equipamento ou<br \/>\n              dom\u00ednio gerido pelo pr\u00f3prio editor da Web, a partir do qual se preste o servi\u00e7o solicitado pelo utilizador. Os cookies de terceiros s\u00e3o os que se enviam para<br \/>\n              o equipamento terminal do utilizador a partir de um equipamento ou dom\u00ednio que n\u00e3o \u00e9 gerido pelo editor, mas sim por outra entidade que trata os dados<br \/>\n              obtidos trav\u00e9s dos cookies. <\/p>\n<p>\n              Al\u00e9m disso, os cookies podem ser de sess\u00e3o ou persistentes. Os primeiros s\u00e3o tipos de cookies concebidos para recolherem e armazenarem dados enquanto o<br \/>\n              utilizador acede a uma p\u00e1gina web. Os persistentes s\u00e3o tipos de cookies que fazem com que os dados continuem armazenados no terminal e possam ser acedidos e<br \/>\n              tratados durante um per\u00edodo definido pelo respons\u00e1vel pelos cookies, que pode ir de alguns minutos a v\u00e1rios anos.\n          <\/p>\n<p>Tamb\u00e9m podem existir os tipos de cookies seguintes:<\/p>\n<ul>\n<li>Cookies de sess\u00e3o: S\u00e3o tipos de cookies tempor\u00e1rios, concebidos para recolherem e armazenarem dados quando acede ao nosso s\u00edtio da Internet. S\u00e3o eliminados ao fechar o navegador.<\/li>\n<li>Cookies persistentes: S\u00e3o tipos de cookies em que os dados continuam armazenados no terminal e podem ser acedidos e tratados durante um per\u00edodo de tempo determinado, e que pode ir de alguns minutos a v\u00e1rios anos. <\/li>\n<\/ul>\n<\/article>\n<article>\n<p>Quais os cookies que esta Web utiliza?<\/p>\n<p>\n              Esta Web utiliza cookies pr\u00f3prios, que t\u00eam por finalidade lembrar as prefer\u00eancias do utilizador, tais como o idioma em que se deve mostrar a Web ou a aceita\u00e7\u00e3o ou n\u00e3o de cookies.\n          <\/p>\n<p>\n              Esta Web utiliza os seguintes cookies de terceiros: <br \/>\n              Cookies de an\u00e1lise: S\u00e3o os que, quer tratadas por n\u00f3s, quer por terceiros, permitem a quantifica\u00e7\u00e3o do n\u00famero de utilizadores e o exame da sua navega\u00e7\u00e3o,<br \/>\n              podendo-se assim efetuar a medi\u00e7\u00e3o e an\u00e1lise estat\u00edstica da utiliza\u00e7\u00e3o que os utilizadores fazem. Para tal, analisa-se a sua navega\u00e7\u00e3o na nossa p\u00e1gina web,<br \/>\n              tendo em vista melhorar os conte\u00fados da mesma e prestar um melhor servi\u00e7o atrav\u00e9s dela.\n          <\/p>\n<p>\n              Cookies de personaliza\u00e7\u00e3o: s\u00e3o os que permitem a configura\u00e7\u00e3o do s\u00edtio da Internet adaptada a cada cliente. O s\u00edtio da Internet lembrar\u00e1 as suas prefer\u00eancias<br \/>\n              (por exemplo: a sua localiza\u00e7\u00e3o, a loja mais pr\u00f3xima ou o idioma de prefer\u00eancia). Gra\u00e7as a estes cookies, \u00e9 poss\u00edvel oferecer aos utilizadores uma<br \/>\n              experi\u00eancia de navega\u00e7\u00e3o mais simples, singela e personalizada.\n          <\/p>\n<p>\n              Cookies t\u00e9cnicos: s\u00e3o os que permitem que o utilizador possa navegar no s\u00edtio da Internet e utilizar funcionalidades tais como o carrinho das compras ou a lista de favoritos.\n          <\/p>\n<p>\n              Cookies publicit\u00e1rios: S\u00e3o os que permitem a gest\u00e3o, da forma mais eficaz poss\u00edvel, dos espa\u00e7os publicit\u00e1rios existentes na nossa p\u00e1gina web, com base em<br \/>\n              crit\u00e9rios como o conte\u00fado editado ou a frequ\u00eancia com que se mostram os an\u00fancios ou em fun\u00e7\u00e3o do comportamento dos utilizadores obtida atrav\u00e9s da observa\u00e7\u00e3o<br \/>\n              continuada dos seus h\u00e1bitos de navega\u00e7\u00e3o, o que permite o desenvolvimento de um perfil espec\u00edfico para se mostrar a publicidade em fun\u00e7\u00e3o do mesmo.\n          <\/p>\n<p>\n              Cookies de publicidade comportamental: S\u00e3o os que permitem a gest\u00e3o, da forma mais eficaz poss\u00edvel, dos espa\u00e7os publicit\u00e1rios que, se for caso disso, o<br \/>\n              editor tenha inclu\u00eddo numa p\u00e1gina web, aplica\u00e7\u00e3o ou plataforma a partir da qual preste o servi\u00e7o solicitado. Estes cookies armazenam informa\u00e7\u00f5es sobre o<br \/>\n              comportamento dos utilizadores obtidas atrav\u00e9s da observa\u00e7\u00e3o continuada dos seus h\u00e1bitos de navega\u00e7\u00e3o, o que permite o desenvolvimento de um perfil<br \/>\n              espec\u00edfico para se mostrar publicidade em fun\u00e7\u00e3o do mesmo.\n          <\/p>\n<p>\n              Cookies de redes sociais: S\u00e3o os que facultam e monitorizam a liga\u00e7\u00e3o e a publica\u00e7\u00e3o de conte\u00fados entre este s\u00edtio da Internet e as redes sociais.\n          <\/p>\n<p>Cookies de Intera\u00e7\u00e3o: Permitem que a venda em linha seja f\u00e1cil e eficaz para as pequenas e m\u00e9dias empresas, podendo monitorizar e conversar diretamente<br \/>\n              online com os visitantes do s\u00edtio da Internet.<\/p>\n<p>\n              As aplica\u00e7\u00f5es que estes terceiros utilizam s\u00e3o as seguintes:\n          <\/p>\n<p>Para os Cookies de an\u00e1lise<\/p>\n<ul>\n<li>Google Analytics, pertencente \u00e0 Google <br \/>(https:\/\/developers.google.com\/analytics\/devguides\/collection\/analyticsjs\/cookie-usage).<\/li>\n<li>Symantec (Norton Secured Seal).<\/li>\n<\/ul>\n<p>Para os Cookies publicit\u00e1rios<\/p>\n<ul>\n<li>Double Click, pertencente \u00e0 Google (https:\/\/support.google.com\/adsense\/answer\/2839090?hl=es).<\/li>\n<li>Advertising.com, pertenecente a esta empresa.<\/li>\n<li>AppNexus, pertenecente a esta empresa.<\/li>\n<li>Bidswitch, pertenecente a esta empresa.<\/li>\n<li>Facebook Custom Audience, pertenecente a esta empresa.<\/li>\n<li>Google Adsense, pertenecente a esta empresa.<\/li>\n<li>Google Adwords Conversion, pertenecente a esta empresa.<\/li>\n<li>Google Dynamic Remarketing, pertenecente a esta empresa.<\/li>\n<li>Google Publisher Tags, pertenecente a esta empresa.<\/li>\n<li>Media Innovation Group, pertenecente a esta empresa.<\/li>\n<li>MediaMath, pertenecente a esta empresa.<\/li>\n<li>Pubmatic, pertenecente a esta empresa.<\/li>\n<li>RTBHouse, pertenecente a esta empresa.<\/li>\n<li>Sizmek, pertenecente a esta empresa.<\/li>\n<li>Sociomantic, pertenecente a esta empresa.<\/li>\n<li>The Reach Group, pertenecente a esta empresa.<\/li>\n<li>Turn Inc, pertenecente a esta empresa.<\/li>\n<li>Zanox, pertenecente a esta empresa.<\/li>\n<\/ul>\n<p>Para os Cookies de redes sociais<\/p>\n<ul>\n<li>Facebook Connect (https:\/\/es-es.facebook.com\/help\/340599879348142\/), pertenecente ao Facebook.<\/li>\n<\/ul>\n<p>Para os cookies de Intera\u00e7\u00e3o:<\/p>\n<ul>\n<li>Zopim, pertenecente a esta empresa.<\/li>\n<\/ul>\n<p>Para os cookies de personaliza\u00e7\u00e3o:<\/p>\n<ul>\n<li>Nosto, pertenecente a esta empresa.<\/li>\n<li>Splio, pertenecente a esta empresa.<\/li>\n<li>Mazedonia, pertenecente a esta empresa.<\/li>\n<li>Tiendeo, pertenecente a esta empresa.<\/li>\n<\/ul>\n<p>Al\u00e9m disso, estas empresas podem utilizar os dados que obtiverem para o melhoramento dos seus pr\u00f3prios servi\u00e7os e para a oferta de servi\u00e7os a outras empresas.<br \/>\n              Pode fazer clique na liga\u00e7\u00e3o inclu\u00edda em cada caso para obter mais informa\u00e7\u00f5es sobre tais aplica\u00e7\u00f5es.\n          <\/p>\n<\/article>\n<article>\n<p>Como \u00e9 que posso gerir os cookies?<\/p>\n<p>Pode permitir, bloquear ou eliminar os cookies instalados no seu equipamento mediante a configura\u00e7\u00e3o das op\u00e7\u00f5es do seu navegador. Pode encontrar informa\u00e7\u00f5es<br \/>\n                sobre a forma de o fazer, relativamente aos navegadores mais comuns, nas liga\u00e7\u00f5es que se incluem em seguida:\n            <\/p>\n<ul>\n<li>Explorer: http:\/\/windows.microsoft.com\/es-es\/windows7\/how-to-manage-cookies-in-internet-explorer-9<\/li>\n<li>Firefox: https:\/\/support.mozilla.org\/es\/kb\/habilitar-y-deshabilitar-cookies-sitios-web-rastrear-preferencias<\/li>\n<li>Chrome: http:\/\/support.google.com\/chrome\/bin\/answer.py?hl=es&#038;answer=95647<\/li>\n<li>Safari: http:\/\/support.apple.com\/kb\/ph5042<\/li>\n<\/ul>\n<p>Informamo-lo, n\u00e3o obstante, da possibilidade de a desativa\u00e7\u00e3o de algum cookie impedir ou dificultar a navega\u00e7\u00e3o ou a presta\u00e7\u00e3o dos servi\u00e7os oferecidos neste s\u00edtio da Internet.<\/p>\n<\/article>\n<\/section><\/div>\n<\/p><\/div>\n<\/div>\n","protected":false},"excerpt":{"rendered":"<p>&nbsp; INFORMA\u00c7\u00d5ES SOBRE O USO DE COOKIES &nbsp; O que \u00e9 um cookie? Um cookie \u00e9 um ficheiro que se descarrega no seu computador quando acede a determinadas p\u00e1ginas web. Os cookies permitem que uma p\u00e1gina web, entre outras coisas, armazene e recupere informa\u00e7\u00f5es sobre os h\u00e1bitos de navega\u00e7\u00e3o de um utilizador ou do seu  [&#8230;]<\/p>\n","protected":false},"author":1,"featured_media":0,"parent":0,"menu_order":0,"comment_status":"closed","ping_status":"closed","template":"","meta":{"footnotes":""},"class_list":["post-56","page","type-page","status-publish","hentry"],"yoast_head":"<!-- This site is optimized with the Yoast SEO plugin v26.2 - https:\/\/yoast.com\/wordpress\/plugins\/seo\/ -->\n<title>Pol\u00edtica de cookies - Portal Recursos Humanos<\/title>\n<meta name=\"robots\" content=\"index, follow, max-snippet:-1, max-image-preview:large, max-video-preview:-1\" \/>\n<link rel=\"canonical\" href=\"http:\/\/recursoshumanos.conforama.es\/pt-pt\/politica-de-cookies\/\" \/>\n<meta property=\"og:locale\" content=\"pt_PT\" \/>\n<meta property=\"og:type\" content=\"article\" \/>\n<meta property=\"og:title\" content=\"Pol\u00edtica de cookies - Portal Recursos Humanos\" \/>\n<meta property=\"og:description\" content=\"&nbsp; INFORMA\u00c7\u00d5ES SOBRE O USO DE COOKIES &nbsp; O que \u00e9 um cookie? Um cookie \u00e9 um ficheiro que se descarrega no seu computador quando acede a determinadas p\u00e1ginas web. Os cookies permitem que uma p\u00e1gina web, entre outras coisas, armazene e recupere informa\u00e7\u00f5es sobre os h\u00e1bitos de navega\u00e7\u00e3o de um utilizador ou do seu [...]\" \/>\n<meta property=\"og:url\" content=\"http:\/\/recursoshumanos.conforama.es\/pt-pt\/politica-de-cookies\/\" \/>\n<meta property=\"og:site_name\" content=\"Portal Recursos Humanos\" \/>\n<meta property=\"article:modified_time\" content=\"2020-11-23T12:10:53+00:00\" \/>\n<meta name=\"twitter:card\" content=\"summary_large_image\" \/>\n<meta name=\"twitter:label1\" content=\"Tempo estimado de leitura\" \/>\n\t<meta name=\"twitter:data1\" content=\"7 minutos\" \/>\n<script type=\"application\/ld+json\" class=\"yoast-schema-graph\">{\"@context\":\"https:\/\/schema.org\",\"@graph\":[{\"@type\":\"WebPage\",\"@id\":\"http:\/\/recursoshumanos.conforama.es\/pt-pt\/politica-de-cookies\/\",\"url\":\"http:\/\/recursoshumanos.conforama.es\/pt-pt\/politica-de-cookies\/\",\"name\":\"Pol\u00edtica de cookies - Portal Recursos Humanos\",\"isPartOf\":{\"@id\":\"https:\/\/recursoshumanos.conforama.es\/#website\"},\"datePublished\":\"2020-11-19T11:53:03+00:00\",\"dateModified\":\"2020-11-23T12:10:53+00:00\",\"breadcrumb\":{\"@id\":\"http:\/\/recursoshumanos.conforama.es\/pt-pt\/politica-de-cookies\/#breadcrumb\"},\"inLanguage\":\"pt-PT\",\"potentialAction\":[{\"@type\":\"ReadAction\",\"target\":[\"http:\/\/recursoshumanos.conforama.es\/pt-pt\/politica-de-cookies\/\"]}]},{\"@type\":\"BreadcrumbList\",\"@id\":\"http:\/\/recursoshumanos.conforama.es\/pt-pt\/politica-de-cookies\/#breadcrumb\",\"itemListElement\":[{\"@type\":\"ListItem\",\"position\":1,\"name\":\"Home\",\"item\":\"http:\/\/recursoshumanos.conforama.es\/pt-pt\/\"},{\"@type\":\"ListItem\",\"position\":2,\"name\":\"Pol\u00edtica de cookies\"}]},{\"@type\":\"WebSite\",\"@id\":\"https:\/\/recursoshumanos.conforama.es\/#website\",\"url\":\"https:\/\/recursoshumanos.conforama.es\/\",\"name\":\"Portal Recursos Humanos\",\"description\":\"\",\"potentialAction\":[{\"@type\":\"SearchAction\",\"target\":{\"@type\":\"EntryPoint\",\"urlTemplate\":\"https:\/\/recursoshumanos.conforama.es\/?s={search_term_string}\"},\"query-input\":{\"@type\":\"PropertyValueSpecification\",\"valueRequired\":true,\"valueName\":\"search_term_string\"}}],\"inLanguage\":\"pt-PT\"}]}<\/script>\n<!-- \/ Yoast SEO plugin. -->","yoast_head_json":{"title":"Pol\u00edtica de cookies - Portal Recursos Humanos","robots":{"index":"index","follow":"follow","max-snippet":"max-snippet:-1","max-image-preview":"max-image-preview:large","max-video-preview":"max-video-preview:-1"},"canonical":"http:\/\/recursoshumanos.conforama.es\/pt-pt\/politica-de-cookies\/","og_locale":"pt_PT","og_type":"article","og_title":"Pol\u00edtica de cookies - Portal Recursos Humanos","og_description":"&nbsp; INFORMA\u00c7\u00d5ES SOBRE O USO DE COOKIES &nbsp; O que \u00e9 um cookie? Um cookie \u00e9 um ficheiro que se descarrega no seu computador quando acede a determinadas p\u00e1ginas web. Os cookies permitem que uma p\u00e1gina web, entre outras coisas, armazene e recupere informa\u00e7\u00f5es sobre os h\u00e1bitos de navega\u00e7\u00e3o de um utilizador ou do seu [...]","og_url":"http:\/\/recursoshumanos.conforama.es\/pt-pt\/politica-de-cookies\/","og_site_name":"Portal Recursos Humanos","article_modified_time":"2020-11-23T12:10:53+00:00","twitter_card":"summary_large_image","twitter_misc":{"Tempo estimado de leitura":"7 minutos"},"schema":{"@context":"https:\/\/schema.org","@graph":[{"@type":"WebPage","@id":"http:\/\/recursoshumanos.conforama.es\/pt-pt\/politica-de-cookies\/","url":"http:\/\/recursoshumanos.conforama.es\/pt-pt\/politica-de-cookies\/","name":"Pol\u00edtica de cookies - Portal Recursos Humanos","isPartOf":{"@id":"https:\/\/recursoshumanos.conforama.es\/#website"},"datePublished":"2020-11-19T11:53:03+00:00","dateModified":"2020-11-23T12:10:53+00:00","breadcrumb":{"@id":"http:\/\/recursoshumanos.conforama.es\/pt-pt\/politica-de-cookies\/#breadcrumb"},"inLanguage":"pt-PT","potentialAction":[{"@type":"ReadAction","target":["http:\/\/recursoshumanos.conforama.es\/pt-pt\/politica-de-cookies\/"]}]},{"@type":"BreadcrumbList","@id":"http:\/\/recursoshumanos.conforama.es\/pt-pt\/politica-de-cookies\/#breadcrumb","itemListElement":[{"@type":"ListItem","position":1,"name":"Home","item":"http:\/\/recursoshumanos.conforama.es\/pt-pt\/"},{"@type":"ListItem","position":2,"name":"Pol\u00edtica de cookies"}]},{"@type":"WebSite","@id":"https:\/\/recursoshumanos.conforama.es\/#website","url":"https:\/\/recursoshumanos.conforama.es\/","name":"Portal Recursos Humanos","description":"","potentialAction":[{"@type":"SearchAction","target":{"@type":"EntryPoint","urlTemplate":"https:\/\/recursoshumanos.conforama.es\/?s={search_term_string}"},"query-input":{"@type":"PropertyValueSpecification","valueRequired":true,"valueName":"search_term_string"}}],"inLanguage":"pt-PT"}]}},"_links":{"self":[{"href":"http:\/\/recursoshumanos.conforama.es\/pt-pt\/wp-json\/wp\/v2\/pages\/56","targetHints":{"allow":["GET"]}}],"collection":[{"href":"http:\/\/recursoshumanos.conforama.es\/pt-pt\/wp-json\/wp\/v2\/pages"}],"about":[{"href":"http:\/\/recursoshumanos.conforama.es\/pt-pt\/wp-json\/wp\/v2\/types\/page"}],"author":[{"embeddable":true,"href":"http:\/\/recursoshumanos.conforama.es\/pt-pt\/wp-json\/wp\/v2\/users\/1"}],"replies":[{"embeddable":true,"href":"http:\/\/recursoshumanos.conforama.es\/pt-pt\/wp-json\/wp\/v2\/comments?post=56"}],"version-history":[{"count":2,"href":"http:\/\/recursoshumanos.conforama.es\/pt-pt\/wp-json\/wp\/v2\/pages\/56\/revisions"}],"predecessor-version":[{"id":124,"href":"http:\/\/recursoshumanos.conforama.es\/pt-pt\/wp-json\/wp\/v2\/pages\/56\/revisions\/124"}],"wp:attachment":[{"href":"http:\/\/recursoshumanos.conforama.es\/pt-pt\/wp-json\/wp\/v2\/media?parent=56"}],"curies":[{"name":"wp","href":"https:\/\/api.w.org\/{rel}","templated":true}]}}