{"id":48,"date":"2020-11-19T11:40:00","date_gmt":"2020-11-19T11:40:00","guid":{"rendered":"http:\/\/recursoshumanos.conforama.es\/quienes-somos\/"},"modified":"2020-12-22T11:50:15","modified_gmt":"2020-12-22T11:50:15","slug":"quienes-somos","status":"publish","type":"page","link":"http:\/\/recursoshumanos.conforama.es\/pt-pt\/","title":{"rendered":"Quem somos"},"content":{"rendered":"<p><div class=\"fusion-fullwidth fullwidth-box fusion-builder-row-1 fusion-flex-container nonhundred-percent-fullwidth non-hundred-percent-height-scrolling\" style=\"--awb-border-radius-top-left:0px;--awb-border-radius-top-right:0px;--awb-border-radius-bottom-right:0px;--awb-border-radius-bottom-left:0px;--awb-margin-top:40px;--awb-margin-bottom:20px;--awb-flex-wrap:wrap;\" ><div class=\"fusion-builder-row fusion-row fusion-flex-align-items-flex-start fusion-flex-content-wrap\" style=\"max-width:1216.8px;margin-left: calc(-4% \/ 2 );margin-right: calc(-4% \/ 2 );\"><div class=\"fusion-layout-column fusion_builder_column fusion-builder-column-0 fusion_builder_column_1_1 1_1 fusion-flex-column\" style=\"--awb-bg-size:cover;--awb-width-large:100%;--awb-margin-top-large:0px;--awb-spacing-right-large:1.92%;--awb-margin-bottom-large:20px;--awb-spacing-left-large:1.92%;--awb-width-medium:100%;--awb-order-medium:0;--awb-spacing-right-medium:1.92%;--awb-spacing-left-medium:1.92%;--awb-width-small:100%;--awb-order-small:0;--awb-spacing-right-small:1.92%;--awb-spacing-left-small:1.92%;\"><div class=\"fusion-column-wrapper fusion-column-has-shadow fusion-flex-justify-content-flex-start fusion-content-layout-column\"><div class=\"container\">\n  <div class=\"row margin-4-2-lg\">\n    <div class=\"col-xs-12\">\n      <div class=\"border-grey\">\n        <span class=\"border-red\">Sobre a empresa<\/span>\n      <\/div>\n    <\/div>\n  <\/div>\n  <div class=\"row margin-20\">\n    <div class=\"col-xs-12 col-sm-7 col-md-7\">\n      <p> <\/p>\n      <img decoding=\"async\" class=\"img-responsive alignnone size-full wp-image-1035\" src=\"wp-content\/uploads\/2016\/10\/logo-conforama.png\" alt=\"Conforama\" width=\"208\" height=\"33\" \/>\n      <p class=\"margin-20\">Refer\u00eancia a n\u00edvel europeu no setor do equipamento para o lar, <strong>somos especialistas em M\u00f3veis, Eletrodom\u00e9sticos, Cozinhas e Decora\u00e7\u00e3o.<\/strong>\n        Oferecemos-lhe todos os artigos necess\u00e1rios para equipar a sua casa em cada uma das nossas lojas.<\/p>\n        <p>Empresa l\u00edder, jovem e din\u00e2mica, em rela\u00e7\u00e3o \u00e0 qual o talento, a compet\u00eancia e a qualidade humana das pessoas s\u00e3o os nossos principais valores.<\/p>\n        <p>Somos um grupo em forte expans\u00e3o, com <strong>presen\u00e7a em 8 pa\u00edses<\/strong> (Fran\u00e7a, Espanha, Portugal, It\u00e1lia, Cro\u00e1cia, Luxemburgo, Su\u00ed\u00e7a e S\u00e9rvia).<\/p>\n    <\/div>\n    <div class=\"col-xs-12 col-sm-5 col-md-4 col-md-offset-1\">\n      <img decoding=\"async\" src=\"\/wp-content\/uploads\/2016\/12\/mapa-europa.jpg\" alt=\"Tiendas Conforama\" width=\"384\" height=\"245\" class=\"img-responsive europe-map alignnone size-full wp-image-32\" \/>\n    <\/div>\n  <\/div>\n<\/div><\/div><\/div><\/div><\/div><div class=\"fusion-fullwidth fullwidth-box fusion-builder-row-2 fusion-flex-container nonhundred-percent-fullwidth non-hundred-percent-height-scrolling\" style=\"--awb-border-radius-top-left:0px;--awb-border-radius-top-right:0px;--awb-border-radius-bottom-right:0px;--awb-border-radius-bottom-left:0px;--awb-flex-wrap:wrap;\" ><div class=\"fusion-builder-row fusion-row fusion-flex-align-items-flex-start fusion-flex-content-wrap\" style=\"max-width:1216.8px;margin-left: calc(-4% \/ 2 );margin-right: calc(-4% \/ 2 );\"><div class=\"fusion-layout-column fusion_builder_column fusion-builder-column-1 fusion_builder_column_1_1 1_1 fusion-flex-column\" style=\"--awb-bg-size:cover;--awb-width-large:100%;--awb-margin-top-large:0px;--awb-spacing-right-large:1.92%;--awb-margin-bottom-large:20px;--awb-spacing-left-large:1.92%;--awb-width-medium:100%;--awb-order-medium:0;--awb-spacing-right-medium:1.92%;--awb-spacing-left-medium:1.92%;--awb-width-small:100%;--awb-order-small:0;--awb-spacing-right-small:1.92%;--awb-spacing-left-small:1.92%;\"><div class=\"fusion-column-wrapper fusion-column-has-shadow fusion-flex-justify-content-flex-start fusion-content-layout-column\"><div class=\"container\">\n  <div class=\"row\">\n    <div class=\"col-xs-12\">\n      <img decoding=\"async\" src=\"\/wp-content\/uploads\/2019\/10\/PT-NUEVO-cifras-clave-copia.jpg\" alt=\"figuras-chave\" width=\"1139\" height=\"269\" class=\"img-responsive aligncenter size-full wp-image-387\" \/>\n    <\/div>\n  <\/div>\n<\/div><\/div><\/div><\/div><\/div><div class=\"fusion-fullwidth fullwidth-box fusion-builder-row-3 fusion-flex-container nonhundred-percent-fullwidth non-hundred-percent-height-scrolling\" style=\"--awb-border-radius-top-left:0px;--awb-border-radius-top-right:0px;--awb-border-radius-bottom-right:0px;--awb-border-radius-bottom-left:0px;--awb-margin-top:30px;--awb-margin-bottom:10px;--awb-flex-wrap:wrap;\" ><div class=\"fusion-builder-row fusion-row fusion-flex-align-items-flex-start fusion-flex-content-wrap\" style=\"max-width:1216.8px;margin-left: calc(-4% \/ 2 );margin-right: calc(-4% \/ 2 );\"><div class=\"fusion-layout-column fusion_builder_column fusion-builder-column-2 fusion_builder_column_1_1 1_1 fusion-flex-column\" style=\"--awb-bg-size:cover;--awb-width-large:100%;--awb-margin-top-large:0px;--awb-spacing-right-large:1.92%;--awb-margin-bottom-large:20px;--awb-spacing-left-large:1.92%;--awb-width-medium:100%;--awb-order-medium:0;--awb-spacing-right-medium:1.92%;--awb-spacing-left-medium:1.92%;--awb-width-small:100%;--awb-order-small:0;--awb-spacing-right-small:1.92%;--awb-spacing-left-small:1.92%;\"><div class=\"fusion-column-wrapper fusion-column-has-shadow fusion-flex-justify-content-flex-start fusion-content-layout-column\"><!--\n<div class=\"col-xs-8 col-xs-offset-2 col-md-6 col-md-offset-3 margin-20\">\n    <div class=\"embed-responsive embed-responsive-16by9\">\n        <iframe width=\"560\" height=\"315\" src=\"https:\/\/www.youtube.com\/embed\/4XX3pXPYcyI?rel=0\" frameborder=\"0\" allowfullscreen><\/iframe>\n    <\/div>\n<\/div>\n--><\/div><\/div><\/div><\/div><div class=\"fusion-fullwidth fullwidth-box fusion-builder-row-4 fusion-flex-container nonhundred-percent-fullwidth non-hundred-percent-height-scrolling\" style=\"--awb-border-radius-top-left:0px;--awb-border-radius-top-right:0px;--awb-border-radius-bottom-right:0px;--awb-border-radius-bottom-left:0px;--awb-flex-wrap:wrap;\" ><div class=\"fusion-builder-row fusion-row fusion-flex-align-items-flex-start fusion-flex-content-wrap\" style=\"max-width:1216.8px;margin-left: calc(-4% \/ 2 );margin-right: calc(-4% \/ 2 );\"><div class=\"fusion-layout-column fusion_builder_column fusion-builder-column-3 fusion_builder_column_1_1 1_1 fusion-flex-column\" style=\"--awb-bg-size:cover;--awb-width-large:100%;--awb-margin-top-large:0px;--awb-spacing-right-large:1.92%;--awb-margin-bottom-large:20px;--awb-spacing-left-large:1.92%;--awb-width-medium:100%;--awb-order-medium:0;--awb-spacing-right-medium:1.92%;--awb-spacing-left-medium:1.92%;--awb-width-small:100%;--awb-order-small:0;--awb-spacing-right-small:1.92%;--awb-spacing-left-small:1.92%;\"><div class=\"fusion-column-wrapper fusion-column-has-shadow fusion-flex-justify-content-flex-start fusion-content-layout-column\"><!--\n<div class=\"container\">\n  <div class=\"row margin-20\">\n    <div class=\"col-xs-12 col-sm-7 col-md-7\">\n      <img decoding=\"async\" src=\"\/wp-content\/uploads\/2017\/01\/steinhoff.jpg\" alt=\"Grupo Steinhoff\" width=\"250\" height=\"70\" class=\"img-responsive alignnone size-full wp-image-37\" \/>\n      <p>A Conforama pertence ao Grupo Steinhoff, criado em 1964 por Bruno Steinhoff na Alemanha e implantado nos anos 90 na \u00c1frica do Sul.<br \/>Possui 106.000 colaboradores no mundo.<\/p>\n    <\/div>\n    <div class=\"col-xs-12 col-sm-5 col-md-5\">\n      <img decoding=\"async\" src=\"\/wp-content\/uploads\/2016\/12\/conforama-world.png\" alt=\"Conforama world stores\" width=\"520\" height=\"258\" class=\"img-reponsive alignnone size-full wp-image-38\" \/>\n    <\/div>\n  <\/div>\n<\/div>\n--><\/div><\/div><\/div><\/div><div class=\"fusion-fullwidth fullwidth-box fusion-builder-row-5 fusion-flex-container nonhundred-percent-fullwidth non-hundred-percent-height-scrolling\" style=\"--awb-border-radius-top-left:0px;--awb-border-radius-top-right:0px;--awb-border-radius-bottom-right:0px;--awb-border-radius-bottom-left:0px;--awb-margin-bottom:40px;--awb-flex-wrap:wrap;\" ><div class=\"fusion-builder-row fusion-row fusion-flex-align-items-flex-start fusion-flex-content-wrap\" style=\"max-width:1216.8px;margin-left: calc(-4% \/ 2 );margin-right: calc(-4% \/ 2 );\"><div class=\"fusion-layout-column fusion_builder_column fusion-builder-column-4 fusion_builder_column_1_1 1_1 fusion-flex-column\" style=\"--awb-bg-size:cover;--awb-width-large:100%;--awb-margin-top-large:0px;--awb-spacing-right-large:1.92%;--awb-margin-bottom-large:20px;--awb-spacing-left-large:1.92%;--awb-width-medium:100%;--awb-order-medium:0;--awb-spacing-right-medium:1.92%;--awb-spacing-left-medium:1.92%;--awb-width-small:100%;--awb-order-small:0;--awb-spacing-right-small:1.92%;--awb-spacing-left-small:1.92%;\"><div class=\"fusion-column-wrapper fusion-column-has-shadow fusion-flex-justify-content-flex-start fusion-content-layout-column\"><!--\n<div class=\"container\">\n  <div class=\"row\">\n    <div class=\"col-xs-12\">\n      <img decoding=\"async\" src=\"\/wp-content\/uploads\/2018\/03\/graficos-pt.jpg\" alt=\"graficos\" width=\"1139\" height=\"267\" class=\"img-responsive aligncenter size-full wp-image-388\" \/>\n    <\/div>\n  <\/div>\n<\/div>\n--><\/div><\/div><\/div><\/div><div class=\"fusion-fullwidth fullwidth-box fusion-builder-row-6 fusion-flex-container hundred-percent-fullwidth non-hundred-percent-height-scrolling\" style=\"--awb-border-radius-top-left:0px;--awb-border-radius-top-right:0px;--awb-border-radius-bottom-right:0px;--awb-border-radius-bottom-left:0px;--awb-padding-top:30px;--awb-padding-bottom:20px;--awb-background-color:#ebeaea;--awb-flex-wrap:wrap;\" ><div class=\"fusion-builder-row fusion-row fusion-flex-align-items-flex-start fusion-flex-content-wrap\" style=\"width:104% !important;max-width:104% !important;margin-left: calc(-4% \/ 2 );margin-right: calc(-4% \/ 2 );\"><div class=\"fusion-layout-column fusion_builder_column fusion-builder-column-5 fusion_builder_column_1_1 1_1 fusion-flex-column\" style=\"--awb-bg-size:cover;--awb-width-large:100%;--awb-margin-top-large:0px;--awb-spacing-right-large:1.92%;--awb-margin-bottom-large:20px;--awb-spacing-left-large:1.92%;--awb-width-medium:100%;--awb-order-medium:0;--awb-spacing-right-medium:1.92%;--awb-spacing-left-medium:1.92%;--awb-width-small:100%;--awb-order-small:0;--awb-spacing-right-small:1.92%;--awb-spacing-left-small:1.92%;\"><div class=\"fusion-column-wrapper fusion-column-has-shadow fusion-flex-justify-content-flex-start fusion-content-layout-column\"><div class=\"container\">\n  <div class=\"row\">\n    <div class=\"col-xs-12\">\n      <div class=\"border-grey\">\n        <span class=\"border-red\">Historia da Conforama Pen\u00ednsula Ib\u00e9rica<\/span>\n      <\/div>\n      <p> <\/p>\n      <img decoding=\"async\" src=\"\/wp-content\/uploads\/2019\/10\/NUEVO-historia-conforama-PT-copia.jpg\" alt=\"Historia Conforama\" width=\"1170\" height=\"623\" class=\"img-responsive alignnone size-full\" \/>\n    <\/div>\n  <\/div>\n<\/div><\/div><\/div><\/div><\/div><div class=\"fusion-fullwidth fullwidth-box fusion-builder-row-7 fusion-flex-container nonhundred-percent-fullwidth non-hundred-percent-height-scrolling\" style=\"--awb-border-radius-top-left:0px;--awb-border-radius-top-right:0px;--awb-border-radius-bottom-right:0px;--awb-border-radius-bottom-left:0px;--awb-margin-top:30px;--awb-margin-bottom:10px;--awb-flex-wrap:wrap;\" ><div class=\"fusion-builder-row fusion-row fusion-flex-align-items-flex-start fusion-flex-content-wrap\" style=\"max-width:1216.8px;margin-left: calc(-4% \/ 2 );margin-right: calc(-4% \/ 2 );\"><div class=\"fusion-layout-column fusion_builder_column fusion-builder-column-6 fusion_builder_column_1_1 1_1 fusion-flex-column\" style=\"--awb-bg-size:cover;--awb-width-large:100%;--awb-margin-top-large:0px;--awb-spacing-right-large:1.92%;--awb-margin-bottom-large:20px;--awb-spacing-left-large:1.92%;--awb-width-medium:100%;--awb-order-medium:0;--awb-spacing-right-medium:1.92%;--awb-spacing-left-medium:1.92%;--awb-width-small:100%;--awb-order-small:0;--awb-spacing-right-small:1.92%;--awb-spacing-left-small:1.92%;\"><div class=\"fusion-column-wrapper fusion-column-has-shadow fusion-flex-justify-content-flex-start fusion-content-layout-column\"><div class=\"container\">\n    <div class=\"row\">\n        <div class=\"col-xs-12\">\n            <div class=\"border-grey\">\n                <span class=\"border-red\">Valores Conforama<\/span>\n            <\/div>\n        <\/div>\n    <\/div>\n    <div class=\"row\">\n        <div class=\"col-xs-12\">\n          <p>\u00a0<\/p>\n          <p class=\"text-center\">A cultura da nossa empresa est\u00e1 assente em nossos <strong>Valores<\/strong>, partilhados por todos os nossos colaborador@s:<\/p>\n        <\/div>\n    <\/div>\n    <div class=\"row\">\n        <div class=\"col-xs-12 col-sm-4 col-sm-offset-2\">\n            <img decoding=\"async\" src=\"wp-content\/uploads\/2018\/09\/pt-valores-confianca.jpg\" alt=\"Confian\u00e7a\" width=\"565\" height=\"538\" class=\"img-responsive alignnone size-full wp-image-66\"\/>\n        <\/div>\n        <div class=\"col-xs-12 col-sm-4\">\n            <img decoding=\"async\" src=\"wp-content\/uploads\/2018\/09\/pt-valores-familia.jpg\" alt=\"Familia\" width=\"565\" height=\"536\" class=\"img-responsive alignnone size-full wp-image-67\" \/>\n        <\/div>\n    <\/div>\n    <div class=\"row margin-20\">\n        <div class=\"col-xs-12 col-sm-4 col-sm-offset-2\">\n            <img decoding=\"async\" src=\"wp-content\/uploads\/2018\/09\/pt-valores-empreendedorismo.jpg\" alt=\"Empreendedorismo\" width=\"565\" height=\"536\" class=\"img-responsive alignnone size-full wp-image-68\" \/>\n        <\/div>\n        <div class=\"col-xs-12 col-sm-4\">\n            <img decoding=\"async\" src=\"wp-content\/uploads\/2018\/09\/pt-valores-paixao.jpg\" alt=\"Paixao\" width=\"565\" height=\"536\" class=\"img-responsive alignnone size-full wp-image-67\" \/>\n        <\/div>\n    <\/div>\n    <div class=\"row\">\n        <div class=\"col-xs-12 margin-20\">\n          <p class=\"text-center\">\n            <strong>Acolhimento, escuta, respeito, proximidade, desenvolvimento, resultado, capacidade de resposta, motiva\u00e7\u00e3o, iniciativa, esp\u00edrito de equipa, exemplaridade, profissionalismo e efici\u00eancia<\/strong> s\u00e3o os valores nos quais, se inspiram os homens e as mulheres que formam a nossa ins\u00edgnia.\n          <\/p>\n        <\/div>\n    <\/div>\n  <\/div>\n<\/div><\/div><\/div><\/div><\/div><\/p>\n","protected":false},"excerpt":{"rendered":"","protected":false},"author":1,"featured_media":0,"parent":0,"menu_order":0,"comment_status":"closed","ping_status":"closed","template":"100-width.php","meta":{"footnotes":""},"class_list":["post-48","page","type-page","status-publish","hentry"],"yoast_head":"<!-- This site is optimized with the Yoast SEO plugin v26.2 - https:\/\/yoast.com\/wordpress\/plugins\/seo\/ -->\n<title>Quem somos - Portal Recursos Humanos<\/title>\n<meta name=\"robots\" content=\"index, follow, max-snippet:-1, max-image-preview:large, max-video-preview:-1\" \/>\n<link rel=\"canonical\" href=\"http:\/\/recursoshumanos.conforama.es\/pt-pt\/\" \/>\n<meta property=\"og:locale\" content=\"pt_PT\" \/>\n<meta property=\"og:type\" content=\"article\" \/>\n<meta property=\"og:title\" content=\"Quem somos - Portal Recursos Humanos\" \/>\n<meta property=\"og:url\" content=\"http:\/\/recursoshumanos.conforama.es\/pt-pt\/\" \/>\n<meta property=\"og:site_name\" content=\"Portal Recursos Humanos\" \/>\n<meta property=\"article:modified_time\" content=\"2020-12-22T11:50:15+00:00\" \/>\n<meta name=\"twitter:card\" content=\"summary_large_image\" \/>\n<meta name=\"twitter:label1\" content=\"Tempo estimado de leitura\" \/>\n\t<meta name=\"twitter:data1\" content=\"23 minutos\" \/>\n<script type=\"application\/ld+json\" class=\"yoast-schema-graph\">{\"@context\":\"https:\/\/schema.org\",\"@graph\":[{\"@type\":\"WebPage\",\"@id\":\"http:\/\/recursoshumanos.conforama.es\/pt-pt\/\",\"url\":\"http:\/\/recursoshumanos.conforama.es\/pt-pt\/\",\"name\":\"Quem somos - Portal Recursos Humanos\",\"isPartOf\":{\"@id\":\"https:\/\/recursoshumanos.conforama.es\/#website\"},\"datePublished\":\"2020-11-19T11:40:00+00:00\",\"dateModified\":\"2020-12-22T11:50:15+00:00\",\"breadcrumb\":{\"@id\":\"http:\/\/recursoshumanos.conforama.es\/pt-pt\/#breadcrumb\"},\"inLanguage\":\"pt-PT\",\"potentialAction\":[{\"@type\":\"ReadAction\",\"target\":[\"http:\/\/recursoshumanos.conforama.es\/pt-pt\/\"]}]},{\"@type\":\"BreadcrumbList\",\"@id\":\"http:\/\/recursoshumanos.conforama.es\/pt-pt\/#breadcrumb\",\"itemListElement\":[{\"@type\":\"ListItem\",\"position\":1,\"name\":\"Home\",\"item\":\"http:\/\/recursoshumanos.conforama.es\/pt-pt\/\"},{\"@type\":\"ListItem\",\"position\":2,\"name\":\"Quem somos\"}]},{\"@type\":\"WebSite\",\"@id\":\"https:\/\/recursoshumanos.conforama.es\/#website\",\"url\":\"https:\/\/recursoshumanos.conforama.es\/\",\"name\":\"Portal Recursos Humanos\",\"description\":\"\",\"potentialAction\":[{\"@type\":\"SearchAction\",\"target\":{\"@type\":\"EntryPoint\",\"urlTemplate\":\"https:\/\/recursoshumanos.conforama.es\/?s={search_term_string}\"},\"query-input\":{\"@type\":\"PropertyValueSpecification\",\"valueRequired\":true,\"valueName\":\"search_term_string\"}}],\"inLanguage\":\"pt-PT\"}]}<\/script>\n<!-- \/ Yoast SEO plugin. -->","yoast_head_json":{"title":"Quem somos - Portal Recursos Humanos","robots":{"index":"index","follow":"follow","max-snippet":"max-snippet:-1","max-image-preview":"max-image-preview:large","max-video-preview":"max-video-preview:-1"},"canonical":"http:\/\/recursoshumanos.conforama.es\/pt-pt\/","og_locale":"pt_PT","og_type":"article","og_title":"Quem somos - Portal Recursos Humanos","og_url":"http:\/\/recursoshumanos.conforama.es\/pt-pt\/","og_site_name":"Portal Recursos Humanos","article_modified_time":"2020-12-22T11:50:15+00:00","twitter_card":"summary_large_image","twitter_misc":{"Tempo estimado de leitura":"23 minutos"},"schema":{"@context":"https:\/\/schema.org","@graph":[{"@type":"WebPage","@id":"http:\/\/recursoshumanos.conforama.es\/pt-pt\/","url":"http:\/\/recursoshumanos.conforama.es\/pt-pt\/","name":"Quem somos - Portal Recursos Humanos","isPartOf":{"@id":"https:\/\/recursoshumanos.conforama.es\/#website"},"datePublished":"2020-11-19T11:40:00+00:00","dateModified":"2020-12-22T11:50:15+00:00","breadcrumb":{"@id":"http:\/\/recursoshumanos.conforama.es\/pt-pt\/#breadcrumb"},"inLanguage":"pt-PT","potentialAction":[{"@type":"ReadAction","target":["http:\/\/recursoshumanos.conforama.es\/pt-pt\/"]}]},{"@type":"BreadcrumbList","@id":"http:\/\/recursoshumanos.conforama.es\/pt-pt\/#breadcrumb","itemListElement":[{"@type":"ListItem","position":1,"name":"Home","item":"http:\/\/recursoshumanos.conforama.es\/pt-pt\/"},{"@type":"ListItem","position":2,"name":"Quem somos"}]},{"@type":"WebSite","@id":"https:\/\/recursoshumanos.conforama.es\/#website","url":"https:\/\/recursoshumanos.conforama.es\/","name":"Portal Recursos Humanos","description":"","potentialAction":[{"@type":"SearchAction","target":{"@type":"EntryPoint","urlTemplate":"https:\/\/recursoshumanos.conforama.es\/?s={search_term_string}"},"query-input":{"@type":"PropertyValueSpecification","valueRequired":true,"valueName":"search_term_string"}}],"inLanguage":"pt-PT"}]}},"_links":{"self":[{"href":"http:\/\/recursoshumanos.conforama.es\/pt-pt\/wp-json\/wp\/v2\/pages\/48","targetHints":{"allow":["GET"]}}],"collection":[{"href":"http:\/\/recursoshumanos.conforama.es\/pt-pt\/wp-json\/wp\/v2\/pages"}],"about":[{"href":"http:\/\/recursoshumanos.conforama.es\/pt-pt\/wp-json\/wp\/v2\/types\/page"}],"author":[{"embeddable":true,"href":"http:\/\/recursoshumanos.conforama.es\/pt-pt\/wp-json\/wp\/v2\/users\/1"}],"replies":[{"embeddable":true,"href":"http:\/\/recursoshumanos.conforama.es\/pt-pt\/wp-json\/wp\/v2\/comments?post=48"}],"version-history":[{"count":16,"href":"http:\/\/recursoshumanos.conforama.es\/pt-pt\/wp-json\/wp\/v2\/pages\/48\/revisions"}],"predecessor-version":[{"id":348,"href":"http:\/\/recursoshumanos.conforama.es\/pt-pt\/wp-json\/wp\/v2\/pages\/48\/revisions\/348"}],"wp:attachment":[{"href":"http:\/\/recursoshumanos.conforama.es\/pt-pt\/wp-json\/wp\/v2\/media?parent=48"}],"curies":[{"name":"wp","href":"https:\/\/api.w.org\/{rel}","templated":true}]}}